{"id":306,"date":"2025-11-11T11:25:16","date_gmt":"2025-11-11T10:25:16","guid":{"rendered":"https:\/\/www.ergotherapie-habermann.at\/geriatrie\/?page_id=306"},"modified":"2025-11-11T11:25:16","modified_gmt":"2025-11-11T10:25:16","slug":"ergotherapie-kinder","status":"publish","type":"page","link":"https:\/\/www.ergotherapie-habermann.at\/geriatrie\/?page_id=306","title":{"rendered":"Ergotherapie Kinder"},"content":{"rendered":"\n<p>Seit 2025 bin ich Wahltherapeutin und arbeite seitdem mit Kindern und deren Familien in Wien. Derzeit bin ich in der <a href=\"https:\/\/feminin.at\/\" data-type=\"link\" data-id=\"https:\/\/feminin.at\/\">Gemeinschaftspraxis Feminin f\u00fcr Frauen &amp; Kinder<\/a> im 19. Bezirk t\u00e4tig.<\/p>\n\n\n\n<p>Besonders wichtig sind mir der Einbezug der Eltern durch Tipps und Hilfestellungen, die leicht in den Alltag integrierbar sind. Meine Schwerpunkte sind Sprachentwicklungsverz\u00f6gerungen, fein- und graphomotorische Entwicklungsverz\u00f6gerungen, Probleme mit der Frustrationstoleranz (Wutausbr\u00fcche) sowie Konzentrationsschwierigkeiten &#8211; und nat\u00fcrlich auch medienbezogene Schwierigkeiten.<\/p>\n\n\n\n<p><\/p>\n\n\n\n<p><strong>Meine Schwerpunkte in der Ergotherapie<\/strong><\/p>\n\n\n\n<p>\u2013 Sprachentwicklung<\/p>\n\n\n\n<p>\u2013 Frustrationstoleranz\/Wutausbr\u00fcche<\/p>\n\n\n\n<p>\u2013 Konzentrationsprobleme<\/p>\n\n\n\n<p>\u2013 feinmotorische Entwicklungsverz\u00f6gerung<\/p>\n\n\n\n<p>\u2013 Stifthaltung<\/p>\n\n\n\n<p>\u2013 Entwicklungsverz\u00f6gerung<\/p>\n\n\n\n<p>\u2013 Verhaltensauff\u00e4lligkeiten<\/p>\n\n\n\n<p>Wenn Sie nicht wissen, welcher Schwerpunkt auf Ihre Kind zutrifft, k\u00f6nnen Sie gerne anrufen und sich informieren!&nbsp;<\/p>\n\n\n\n<p><a href=\"https:\/\/feminin.at\/kathrin-habermann-msc-ma\/\" data-type=\"link\" data-id=\"https:\/\/feminin.at\/kathrin-habermann-msc-ma\/\">Online Termin buchen<\/a><\/p>\n\n\n\n<p><\/p>\n","protected":false},"excerpt":{"rendered":"<p>Seit 2025 bin ich Wahltherapeutin und arbeite seitdem mit Kindern und deren Familien in Wien. Derzeit bin ich in der Gemeinschaftspraxis Feminin f\u00fcr Frauen &amp; Kinder im 19. Bezirk t\u00e4tig. Besonders wichtig sind mir der Einbezug der Eltern durch Tipps und Hilfestellungen, die leicht in den Alltag integrierbar sind. Meine Schwerpunkte sind Sprachentwicklungsverz\u00f6gerungen, fein- und &hellip; <\/p>\n<p class=\"link-more\"><a href=\"https:\/\/www.ergotherapie-habermann.at\/geriatrie\/?page_id=306\" class=\"more-link\">Mehr <span class=\"screen-reader-text\">\u00fcber &#8222;Ergotherapie Kinder&#8220; <\/span>Lesen<\/a><\/p>\n","protected":false},"author":1,"featured_media":0,"parent":0,"menu_order":0,"comment_status":"closed","ping_status":"closed","template":"","meta":{"footnotes":""},"class_list":["post-306","page","type-page","status-publish","hentry"],"_links":{"self":[{"href":"https:\/\/www.ergotherapie-habermann.at\/geriatrie\/index.php?rest_route=\/wp\/v2\/pages\/306"}],"collection":[{"href":"https:\/\/www.ergotherapie-habermann.at\/geriatrie\/index.php?rest_route=\/wp\/v2\/pages"}],"about":[{"href":"https:\/\/www.ergotherapie-habermann.at\/geriatrie\/index.php?rest_route=\/wp\/v2\/types\/page"}],"author":[{"embeddable":true,"href":"https:\/\/www.ergotherapie-habermann.at\/geriatrie\/index.php?rest_route=\/wp\/v2\/users\/1"}],"replies":[{"embeddable":true,"href":"https:\/\/www.ergotherapie-habermann.at\/geriatrie\/index.php?rest_route=%2Fwp%2Fv2%2Fcomments&post=306"}],"version-history":[{"count":1,"href":"https:\/\/www.ergotherapie-habermann.at\/geriatrie\/index.php?rest_route=\/wp\/v2\/pages\/306\/revisions"}],"predecessor-version":[{"id":308,"href":"https:\/\/www.ergotherapie-habermann.at\/geriatrie\/index.php?rest_route=\/wp\/v2\/pages\/306\/revisions\/308"}],"wp:attachment":[{"href":"https:\/\/www.ergotherapie-habermann.at\/geriatrie\/index.php?rest_route=%2Fwp%2Fv2%2Fmedia&parent=306"}],"curies":[{"name":"wp","href":"https:\/\/api.w.org\/{rel}","templated":true}]}}