{"id":2,"date":"2016-08-25T20:17:58","date_gmt":"2016-08-25T18:17:58","guid":{"rendered":""},"modified":"2025-11-11T11:29:39","modified_gmt":"2025-11-11T10:29:39","slug":"beispiel-seite","status":"publish","type":"page","link":"https:\/\/www.ergotherapie-habermann.at\/geriatrie\/","title":{"rendered":"Willkommen!"},"content":{"rendered":"<p><strong>Herzlich Willkommen!<\/strong><\/p>\n<p>Mein Name ist <strong>Kathrin Habermann<\/strong>, ich bin <strong>freiberufliche Ergotherapeutin<\/strong> (Wahltherapeutin) ausschlie\u00dflich mit <strong>Hausbesuchen in Wien und Umgebung<\/strong><\/p>\n<p>Ich habe mich auf folgende Schwerpunkte spezialisiert:<\/p>\n<ul>\n<li>Langzeit- und palliative Begleitung von demenziell erkrankten Personen und deren Angeh\u00f6rigen<\/li>\n<li>Wohnraumbegutachtungen bei ver\u00e4nderter Lebenssituation im Alter<\/li>\n<li>Angeh\u00f6rigenbetreuung bei dementiellen Erkrankungen in der Familie<\/li>\n<li>Remobilisierung nach Krankenhausaufenthalten<\/li>\n<li>mehr Informationen finden Sie <a href=\"https:\/\/www.ergotherapie-habermann.at\/geriatrie\/?page_id=10\">hier<\/a><\/li>\n<\/ul>\n<p>.<\/p>\n<p>Zur<strong> Ergotherapie mit Kindern<\/strong> in der <strong><a href=\"https:\/\/feminin.at\/kathrin-habermann-msc-ma\/\">Praxis feminin<\/a><\/strong> finden Sie <a href=\"https:\/\/feminin.at\/kathrin-habermann-msc-ma\/\">hier<\/a> mehr Informationen und k\u00f6nnen direkt einen Termin online buchen!<\/p>\n<p>.<\/p>\n<p>Kathrin Habermann, MSc MA<\/p>\n<p>0664\/2550139<\/p>\n<p><a href=\"mailto:post@ergotherapie-habermann.at\">post@ergotherapie-habermann.at<\/a><\/p>\n","protected":false},"excerpt":{"rendered":"<p>Herzlich Willkommen! Mein Name ist Kathrin Habermann, ich bin freiberufliche Ergotherapeutin (Wahltherapeutin) ausschlie\u00dflich mit Hausbesuchen in Wien und Umgebung Ich habe mich auf folgende Schwerpunkte spezialisiert: Langzeit- und palliative Begleitung von demenziell erkrankten Personen und deren Angeh\u00f6rigen Wohnraumbegutachtungen bei ver\u00e4nderter Lebenssituation im Alter Angeh\u00f6rigenbetreuung bei dementiellen Erkrankungen in der Familie Remobilisierung nach Krankenhausaufenthalten mehr Informationen &hellip; <\/p>\n<p class=\"link-more\"><a href=\"https:\/\/www.ergotherapie-habermann.at\/geriatrie\/\" class=\"more-link\">Mehr <span class=\"screen-reader-text\">\u00fcber &#8222;Willkommen!&#8220; <\/span>Lesen<\/a><\/p>\n","protected":false},"author":1,"featured_media":0,"parent":0,"menu_order":0,"comment_status":"closed","ping_status":"open","template":"","meta":{"footnotes":""},"class_list":["post-2","page","type-page","status-publish","hentry"],"_links":{"self":[{"href":"https:\/\/www.ergotherapie-habermann.at\/geriatrie\/index.php?rest_route=\/wp\/v2\/pages\/2"}],"collection":[{"href":"https:\/\/www.ergotherapie-habermann.at\/geriatrie\/index.php?rest_route=\/wp\/v2\/pages"}],"about":[{"href":"https:\/\/www.ergotherapie-habermann.at\/geriatrie\/index.php?rest_route=\/wp\/v2\/types\/page"}],"author":[{"embeddable":true,"href":"https:\/\/www.ergotherapie-habermann.at\/geriatrie\/index.php?rest_route=\/wp\/v2\/users\/1"}],"replies":[{"embeddable":true,"href":"https:\/\/www.ergotherapie-habermann.at\/geriatrie\/index.php?rest_route=%2Fwp%2Fv2%2Fcomments&post=2"}],"version-history":[{"count":36,"href":"https:\/\/www.ergotherapie-habermann.at\/geriatrie\/index.php?rest_route=\/wp\/v2\/pages\/2\/revisions"}],"predecessor-version":[{"id":311,"href":"https:\/\/www.ergotherapie-habermann.at\/geriatrie\/index.php?rest_route=\/wp\/v2\/pages\/2\/revisions\/311"}],"wp:attachment":[{"href":"https:\/\/www.ergotherapie-habermann.at\/geriatrie\/index.php?rest_route=%2Fwp%2Fv2%2Fmedia&parent=2"}],"curies":[{"name":"wp","href":"https:\/\/api.w.org\/{rel}","templated":true}]}}