{"id":179,"date":"2019-01-02T10:59:05","date_gmt":"2019-01-02T09:59:05","guid":{"rendered":"http:\/\/www.ergotherapie-habermann.at\/geriatrie\/?page_id=179"},"modified":"2019-01-02T11:07:21","modified_gmt":"2019-01-02T10:07:21","slug":"demenz-und-validation","status":"publish","type":"page","link":"https:\/\/www.ergotherapie-habermann.at\/geriatrie\/?page_id=179","title":{"rendered":"Demenz und Validation"},"content":{"rendered":"\n<p><strong>Demenz<\/strong><\/p>\n\n\n\n<p>Demenz ist eine neurologische Erkrankung, die  sich durch Defizite im&nbsp;kognitiven, emotionalen und sozialen Bereich \u00e4u\u00dfert. Dies f\u00fchrt zu Beeintr\u00e4chtigung im Alltag f\u00fchrt, vor allem sind das&nbsp;Ged\u00e4chtnis (zuerst Kurzzeit, im sp\u00e4teren Verlauf meist auch das Langzeitged\u00e4chtnis), das&nbsp;Denkverm\u00f6gen (logisches Denken), die&nbsp;Sprache, sowie die&nbsp;Motorik betroffen. Beianchsn Formen ver\u00e4ndert sich  auch die Pers\u00f6nlichkeit der ersten Person. Jeder Erkrankung verl\u00e4uft anders daher k\u00f6nnen nur schwer Prognosen und genauer Verlauf abgegeben werden.<\/p>\n\n\n\n<p>Es gibt verschiedene Arten von Demenz, die h\u00e4ufigste ist die Alzheimer Erkrankung. Darunter versteht man den kognitiven Abbau aufgrund eines h\u00f6heren Alters. Eine Demenz ist jedoch nur ein Symptom einer Alzheimer Erkrankung und nicht mk it dieser gleichzusetzen wie es umgangssprachlich \u00fcblich ist. Weitere Symptome sind Wahrnehmungsst\u00f6rungen und Orientierungsverlust. <\/p>\n\n\n\n<p>Es kann auch nach einem Schlaganfall (Insult) zu einer sekund\u00e4ren Demenz kommen, dass hei\u00dft man entwickelt eine Demenz aufgrund der Sch\u00e4digung im Gehirn. Eine sekund\u00e4re Demenz kann ebenfalls in Folge eines Tumores (Raumforderung) eintreten.<\/p>\n\n\n\n<p>Es gibt noch weitere Formen der Demenz, genauere Informationen finden Sie u.a. unter <a href=\"https:\/\/de.m.wikipedia.org\/wiki\/Demenz\">https:\/\/de.m.wikipedia.org\/wiki\/Demenz<\/a> <\/p>\n\n\n\n<p><\/p>\n\n\n\n<p><\/p>\n\n\n\n<p><\/p>\n\n\n\n<p><strong>Validation nach Naomie Feil&nbsp;<\/strong><\/p>\n\n\n\n<p>Ich bin seit 2018 Validations Anwenderin nach Naomie Feil. Validation ist ein Umgang mit \u00e4lteren verwirrten Menschen und soll ihnen helfen Stress zu reduzieren, Sicherheit zu geben, Wohlbefinden zu vermitteln, Reduktion von medikament\u00f6ser Therapie und die Kommunikation zu verbessern.<\/p>\n\n\n\n<p>Bei der Validation vermittel ich der betroffenen Personen Sicherheit und Verst\u00e4ndnis durch verbale und non-verbale Kommunikation sowie Ber\u00fchrungen. Eine weitere M\u00f6glichkeit ist das Erreichen eines Erkrankten durch Musik. <\/p>\n\n\n\n<p>Ich berate gerne Angeh\u00f6rige wie sie mit ihren Eltern\/Gro\u00dfeltern\/Verwandten und Bekannten umgehen k\u00f6nnen, die zunehmend verwirrter werden.<\/p>\n\n\n\n<p>Demenz ist grunds\u00e4tzlich keine Grundvoraussetzung f\u00fcr Validation, jedoch ist diese Methode f\u00fcr demente Menschen entwickelt worden und mit Studien ihre positive Wirkung belegt.<\/p>\n\n\n\n<p>Mehr zum Thema Validation finden Sie unter anderem unter <a href=\"https:\/\/vfvalidation.org\">https:\/\/vfvalidation.org<\/a><\/p>\n\n\n\n<p><\/p>\n\n\n\n<p><strong>Marte Meo<\/strong><\/p>\n\n\n\n<p>Ich arbeite ebenfalls gerne mit der <strong>Marte Meo Methode<\/strong> und bin mittlerweile Marte Meo Practitioner. Die Marte Meo \u2013 Methode wurde von der Holl\u00e4nderin Maria Aarts entwickelt wurde um die nat\u00fcrliche Entwicklung von Kinden zu f\u00f6rdern. Jedoch wird sie mittlerweile in allen medizinischen Bereichen &#8211; so auch in der Geriatrie &#8211; erfolgreich eingesetzt. Sie \u00e4hnelt sehr der Validation nach Hoppe bzw. Feil.<\/p>\n\n\n\n<p>Es ist einerseits eine videogest\u00fctzte Beratungsmethode f\u00fcr Angeh\u00f6rige&nbsp; und andererseits eine sprachliche \u2013 gest\u00fctzte Methode, die ich selbst w\u00e4hrend jeder Therapieeinheit anwende.<\/p>\n\n\n\n<p>F\u00fcr weitere Informationen k\u00f6nnen Sie gerne diesen Link folgen:\u00a0<a href=\"http:\/\/www.martemeo.com\/\">www.martemeo.com<\/a><\/p>\n\n\n\n<p><\/p>\n\n\n\n<p><\/p>\n\n\n\n<p><\/p>\n","protected":false},"excerpt":{"rendered":"<p>Demenz Demenz ist eine neurologische Erkrankung, die sich durch Defizite im&nbsp;kognitiven, emotionalen und sozialen Bereich \u00e4u\u00dfert. Dies f\u00fchrt zu Beeintr\u00e4chtigung im Alltag f\u00fchrt, vor allem sind das&nbsp;Ged\u00e4chtnis (zuerst Kurzzeit, im sp\u00e4teren Verlauf meist auch das Langzeitged\u00e4chtnis), das&nbsp;Denkverm\u00f6gen (logisches Denken), die&nbsp;Sprache, sowie die&nbsp;Motorik betroffen. Beianchsn Formen ver\u00e4ndert sich auch die Pers\u00f6nlichkeit der ersten Person. Jeder Erkrankung &hellip; <\/p>\n<p class=\"link-more\"><a href=\"https:\/\/www.ergotherapie-habermann.at\/geriatrie\/?page_id=179\" class=\"more-link\">Mehr <span class=\"screen-reader-text\">\u00fcber &#8222;Demenz und Validation&#8220; <\/span>Lesen<\/a><\/p>\n","protected":false},"author":1,"featured_media":0,"parent":0,"menu_order":0,"comment_status":"closed","ping_status":"closed","template":"","meta":{"footnotes":""},"class_list":["post-179","page","type-page","status-publish","hentry"],"_links":{"self":[{"href":"https:\/\/www.ergotherapie-habermann.at\/geriatrie\/index.php?rest_route=\/wp\/v2\/pages\/179"}],"collection":[{"href":"https:\/\/www.ergotherapie-habermann.at\/geriatrie\/index.php?rest_route=\/wp\/v2\/pages"}],"about":[{"href":"https:\/\/www.ergotherapie-habermann.at\/geriatrie\/index.php?rest_route=\/wp\/v2\/types\/page"}],"author":[{"embeddable":true,"href":"https:\/\/www.ergotherapie-habermann.at\/geriatrie\/index.php?rest_route=\/wp\/v2\/users\/1"}],"replies":[{"embeddable":true,"href":"https:\/\/www.ergotherapie-habermann.at\/geriatrie\/index.php?rest_route=%2Fwp%2Fv2%2Fcomments&post=179"}],"version-history":[{"count":5,"href":"https:\/\/www.ergotherapie-habermann.at\/geriatrie\/index.php?rest_route=\/wp\/v2\/pages\/179\/revisions"}],"predecessor-version":[{"id":192,"href":"https:\/\/www.ergotherapie-habermann.at\/geriatrie\/index.php?rest_route=\/wp\/v2\/pages\/179\/revisions\/192"}],"wp:attachment":[{"href":"https:\/\/www.ergotherapie-habermann.at\/geriatrie\/index.php?rest_route=%2Fwp%2Fv2%2Fmedia&parent=179"}],"curies":[{"name":"wp","href":"https:\/\/api.w.org\/{rel}","templated":true}]}}