{"id":10,"date":"2016-08-25T21:25:34","date_gmt":"2016-08-25T19:25:34","guid":{"rendered":"http:\/\/www.ergotherapie-habermann.at\/geriatrie\/?page_id=10"},"modified":"2019-01-02T11:04:04","modified_gmt":"2019-01-02T10:04:04","slug":"die-therapie","status":"publish","type":"page","link":"https:\/\/www.ergotherapie-habermann.at\/geriatrie\/?page_id=10","title":{"rendered":"Die Therapie"},"content":{"rendered":"<p><strong>Was ist Ergotherapie?<\/strong><\/p>\n<p>Die Ergotherapie \u2013 abgeleitet vom Griechischen \u201eergein\u201c (handeln, t\u00e4tig sein) \u2013 geht davon aus, dass \u201e<strong>t\u00e4tig sein<\/strong>\u201c ein\u00a0<strong>menschliches Grundbed\u00fcrfnis<\/strong> ist und dass <strong>gezielt eingesetzte T\u00e4tigkeiten gesundheitsf\u00f6rdernde und therapeutische Wirkung<\/strong> haben. Deshalb unterst\u00fctzt und begleitet Ergotherapie Menschen jeden Alters, die in ihrer Handlungsf\u00e4higkeit eingeschr\u00e4nkt oder von Einschr\u00e4nkung bedroht sind und\/oder ihre Handlungsf\u00e4higkeit erweitern m\u00f6chten.<\/p>\n<p><strong>Ziel der Ergotherapie<\/strong> ist es, Menschen bei der Durchf\u00fchrung von \u2013 f\u00fcr sie \u2013 bedeutungsvollen Bet\u00e4tigungen in den Bereichen Selbstversorgung im t\u00e4glichen Leben, Produktivit\u00e4t (Arbeit, Schule, Haushalt) und Freizeit\/Erholung sowie ihre Umwelt zu st\u00e4rken.<\/p>\n<p>(Ergotherapie Austria \u2013 Bundesverband der Ergotherapeutinnen und Ergotherapeuten \u00d6sterreichs)<\/p>\n<p><strong>Wie arbeitet ein\/e\u00a0ErgotherapeutIn?\u00a0<\/strong><\/p>\n<p>In der Ergotherapie bedienen wir uns situativ individuell angepassten Methoden und Ma\u00dfnahmen, dass k\u00f6nnen zum Beispiel sein<\/p>\n<ul>\n<li><strong>Training der Alltagsf\u00e4higkeiten<\/strong>, wie Anziehen, Waschen, Essen, Eink\u00e4ufe erledigen, Benutzung der \u00f6ffentlichen Verkehrsmittel<\/li>\n<li><strong>F\u00f6rderung der (K\u00f6rper-)Wahrnehmung<\/strong><\/li>\n<li><strong>Verbesserung der Motorik<\/strong>: Feinmotorik (Benutzung von Kn\u00f6pfen und kleinen Gegenst\u00e4nden), Grobmotorik (Koordination, Ausdauer, Belastbarkeit) und Graphomotorik (schreiben, malen, zeichnen)<\/li>\n<li><strong>Sturzprophylaxe &#8211; Gangsicherheitstraining<\/strong><\/li>\n<li><strong>F\u00f6rderung der kognitiven F\u00e4higkeiten<\/strong> wie Konzentration, Merkf\u00e4higkeit, Ged\u00e4chtnis<\/li>\n<li><strong>Verbesserung des Sozialverhaltens<\/strong> und der sozialen Aufmerksamkeit<\/li>\n<li><strong>F\u00f6rderung der emotionalen F\u00e4higkeiten<\/strong>, wie Kommunikation, Selbstwertgef\u00fchl, Sch\u00fcchternheit<\/li>\n<li><strong>Hilfsmittelversorgung<\/strong> und -anpassung wie Rollst\u00fchle, Rollmobil\/Rollatoren, Gehst\u00f6cke<\/li>\n<li><strong>Wohnraumadaptierungen<\/strong><\/li>\n<li><strong>Angeh\u00f6rigen- und Umfeldberatung<\/strong><\/li>\n<li><strong>Biographische Aufarbeitung\u00a0<\/strong>des Lebens<\/li>\n<li><strong>Palliative Begleitung\u00a0<\/strong><\/li>\n<\/ul>\n<p>Diese Methoden und Ma\u00dfnahmen werden immer verbunden mit Alltagst\u00e4tigkeiten bzw.\u00a0Bewegungs\u00fcbungen und vor allem viel Spa\u00df!<\/p>\n","protected":false},"excerpt":{"rendered":"<p>Was ist Ergotherapie? Die Ergotherapie \u2013 abgeleitet vom Griechischen \u201eergein\u201c (handeln, t\u00e4tig sein) \u2013 geht davon aus, dass \u201et\u00e4tig sein\u201c ein\u00a0menschliches Grundbed\u00fcrfnis ist und dass gezielt eingesetzte T\u00e4tigkeiten gesundheitsf\u00f6rdernde und therapeutische Wirkung haben. Deshalb unterst\u00fctzt und begleitet Ergotherapie Menschen jeden Alters, die in ihrer Handlungsf\u00e4higkeit eingeschr\u00e4nkt oder von Einschr\u00e4nkung bedroht sind und\/oder ihre Handlungsf\u00e4higkeit erweitern &hellip; <\/p>\n<p class=\"link-more\"><a href=\"https:\/\/www.ergotherapie-habermann.at\/geriatrie\/?page_id=10\" class=\"more-link\">Mehr <span class=\"screen-reader-text\">\u00fcber &#8222;Die Therapie&#8220; <\/span>Lesen<\/a><\/p>\n","protected":false},"author":1,"featured_media":0,"parent":0,"menu_order":0,"comment_status":"closed","ping_status":"closed","template":"","meta":{"footnotes":""},"class_list":["post-10","page","type-page","status-publish","hentry"],"_links":{"self":[{"href":"https:\/\/www.ergotherapie-habermann.at\/geriatrie\/index.php?rest_route=\/wp\/v2\/pages\/10"}],"collection":[{"href":"https:\/\/www.ergotherapie-habermann.at\/geriatrie\/index.php?rest_route=\/wp\/v2\/pages"}],"about":[{"href":"https:\/\/www.ergotherapie-habermann.at\/geriatrie\/index.php?rest_route=\/wp\/v2\/types\/page"}],"author":[{"embeddable":true,"href":"https:\/\/www.ergotherapie-habermann.at\/geriatrie\/index.php?rest_route=\/wp\/v2\/users\/1"}],"replies":[{"embeddable":true,"href":"https:\/\/www.ergotherapie-habermann.at\/geriatrie\/index.php?rest_route=%2Fwp%2Fv2%2Fcomments&post=10"}],"version-history":[{"count":12,"href":"https:\/\/www.ergotherapie-habermann.at\/geriatrie\/index.php?rest_route=\/wp\/v2\/pages\/10\/revisions"}],"predecessor-version":[{"id":186,"href":"https:\/\/www.ergotherapie-habermann.at\/geriatrie\/index.php?rest_route=\/wp\/v2\/pages\/10\/revisions\/186"}],"wp:attachment":[{"href":"https:\/\/www.ergotherapie-habermann.at\/geriatrie\/index.php?rest_route=%2Fwp%2Fv2%2Fmedia&parent=10"}],"curies":[{"name":"wp","href":"https:\/\/api.w.org\/{rel}","templated":true}]}}